{"id":1087,"date":"2014-02-24T12:26:49","date_gmt":"2014-02-24T11:26:49","guid":{"rendered":"http:\/\/www.tamnaren.se\/?page_id=1087"},"modified":"2025-11-25T14:23:09","modified_gmt":"2025-11-25T13:23:09","slug":"stadgar","status":"publish","type":"page","link":"https:\/\/www.tamnaren.se\/?page_id=1087","title":{"rendered":"Stadgar"},"content":{"rendered":"\n<p>Klicka p\u00e5 l\u00e4nken f\u00f6r att se f\u00f6rslag till stadgar till T\u00e4mnaren Vatten Ideellf\u00f6rening<\/p>\n\n\n\n<p><a href=\"http:\/\/www.tamnaren.se\/wp-content\/uploads\/2014\/02\/F\u00f6rslag-till-Stadgar-T\u00e4mnaren-2014-01-03.pdf\" target=\"_blank\">F\u00f6rslag till Stadgar (pdf)<\/a><\/p>\n\n\n\n<p><\/p>\n","protected":false},"excerpt":{"rendered":"<p>Klicka p\u00e5 l\u00e4nken f\u00f6r att se f\u00f6rslag till stadgar till T\u00e4mnaren Vatten Ideellf\u00f6rening F\u00f6rslag till Stadgar (pdf)<\/p>\n","protected":false},"author":5,"featured_media":0,"parent":0,"menu_order":0,"comment_status":"closed","ping_status":"open","template":"sidebar-page.php","meta":{"neve_meta_sidebar":"","neve_meta_container":"","neve_meta_enable_content_width":"","neve_meta_content_width":0,"neve_meta_title_alignment":"","neve_meta_author_avatar":"","neve_post_elements_order":"","neve_meta_disable_header":"","neve_meta_disable_footer":"","neve_meta_disable_title":"","footnotes":""},"class_list":["post-1087","page","type-page","status-publish","hentry"],"_links":{"self":[{"href":"https:\/\/www.tamnaren.se\/index.php?rest_route=\/wp\/v2\/pages\/1087","targetHints":{"allow":["GET"]}}],"collection":[{"href":"https:\/\/www.tamnaren.se\/index.php?rest_route=\/wp\/v2\/pages"}],"about":[{"href":"https:\/\/www.tamnaren.se\/index.php?rest_route=\/wp\/v2\/types\/page"}],"author":[{"embeddable":true,"href":"https:\/\/www.tamnaren.se\/index.php?rest_route=\/wp\/v2\/users\/5"}],"replies":[{"embeddable":true,"href":"https:\/\/www.tamnaren.se\/index.php?rest_route=%2Fwp%2Fv2%2Fcomments&post=1087"}],"version-history":[{"count":3,"href":"https:\/\/www.tamnaren.se\/index.php?rest_route=\/wp\/v2\/pages\/1087\/revisions"}],"predecessor-version":[{"id":1471,"href":"https:\/\/www.tamnaren.se\/index.php?rest_route=\/wp\/v2\/pages\/1087\/revisions\/1471"}],"wp:attachment":[{"href":"https:\/\/www.tamnaren.se\/index.php?rest_route=%2Fwp%2Fv2%2Fmedia&parent=1087"}],"curies":[{"name":"wp","href":"https:\/\/api.w.org\/{rel}","templated":true}]}}