{"id":1226,"date":"2015-10-16T13:17:56","date_gmt":"2015-10-16T11:17:56","guid":{"rendered":"http:\/\/www.tamnaren.se\/?page_id=1226"},"modified":"2025-11-27T11:55:03","modified_gmt":"2025-11-27T10:55:03","slug":"valkommen-till-foreningen-tamnarens-vatten","status":"publish","type":"page","link":"https:\/\/www.tamnaren.se\/","title":{"rendered":"V\u00e4lkommen till f\u00f6reningen T\u00e4mnarens Vatten"},"content":{"rendered":"\t\t<div data-elementor-type=\"wp-page\" data-elementor-id=\"1226\" class=\"elementor elementor-1226\">\n\t\t\t\t<div class=\"elementor-element elementor-element-b29dda0 e-flex e-con-boxed e-con e-parent\" data-id=\"b29dda0\" data-element_type=\"container\">\n\t\t\t\t\t<div class=\"e-con-inner\">\n\t\t\t\t<div class=\"elementor-element elementor-element-8f15905 elementor-widget elementor-widget-image\" data-id=\"8f15905\" data-element_type=\"widget\" data-widget_type=\"image.default\">\n\t\t\t\t\t\t\t\t\t\t\t\t\t\t\t<img fetchpriority=\"high\" decoding=\"async\" width=\"2000\" height=\"288\" src=\"https:\/\/www.tamnaren.se\/wp-content\/uploads\/2025\/11\/Header_2_1.jpg\" class=\"attachment-full size-full wp-image-1572\" alt=\"\" srcset=\"https:\/\/www.tamnaren.se\/wp-content\/uploads\/2025\/11\/Header_2_1.jpg 2000w, https:\/\/www.tamnaren.se\/wp-content\/uploads\/2025\/11\/Header_2_1-300x43.jpg 300w, https:\/\/www.tamnaren.se\/wp-content\/uploads\/2025\/11\/Header_2_1-1024x147.jpg 1024w, https:\/\/www.tamnaren.se\/wp-content\/uploads\/2025\/11\/Header_2_1-768x111.jpg 768w, https:\/\/www.tamnaren.se\/wp-content\/uploads\/2025\/11\/Header_2_1-1536x221.jpg 1536w\" sizes=\"(max-width: 2000px) 100vw, 2000px\" \/>\t\t\t\t\t\t\t\t\t\t\t\t\t\t\t<\/div>\n\t\t\t\t\t<\/div>\n\t\t\t\t<\/div>\n\t\t<div class=\"elementor-element elementor-element-b1f1b7d e-flex e-con-boxed e-con e-parent\" data-id=\"b1f1b7d\" data-element_type=\"container\">\n\t\t\t\t\t<div class=\"e-con-inner\">\n\t\t<div class=\"elementor-element elementor-element-865fc75 e-con-full e-flex e-con e-child\" data-id=\"865fc75\" data-element_type=\"container\">\n\t\t\t\t<div class=\"elementor-element elementor-element-69d5a5ef elementor-widget__width-initial elementor-widget elementor-widget-text-editor\" data-id=\"69d5a5ef\" data-element_type=\"widget\" data-widget_type=\"text-editor.default\">\n\t\t\t\t\t\t\t\t\t<p><span style=\"color: #000000;\">F\u00f6reningen T\u00e4mnarens Vatten bildades 2014 med en m\u00e5ls\u00e4ttning att bilda opinion f\u00f6r sj\u00f6n T\u00e4mnaren och att utveckla sj\u00f6n.<\/span><\/p><p><span style=\"color: #000000;\">F\u00f6reningen \u00e4r en ideell f\u00f6rening \u00f6ppna f\u00f6r alla som vill v\u00e4rna v\u00e5r sj\u00f6.\u00a0\u00a0Du kan f\u00f6lja v\u00e5rt arbete i f\u00f6reningen h\u00e4r p\u00e5 v\u00e5r hemsida, flikarna till h\u00f6ger visar de senaste uppdateringarna. <br \/>F\u00f6lj oss \u00e4ven via v\u00e5r<\/span> <a href=\"https:\/\/www.facebook.com\/groups\/tamnaren\/\" target=\"_blank\" rel=\"noopener noreferrer\">Facebook sida<\/a><span style=\"color: #000000;\"> d\u00e5 f\u00e5r du enklast alla nyheter.<\/span><\/p><p><span style=\"color: #000000;\"><strong>\u00c5rsavgiften f\u00f6r familjer \u00e4r 200 kronor. L\u00e4ttast blir du medlem genom att s\u00e4tta in beloppet p\u00e5 v\u00e5rt Bankgiro 541-3430 eller Swish 123 160 14 42, ange namn adress och e-post vid\u00a0 betalningen.<\/strong><\/span><\/p>\t\t\t\t\t\t\t\t<\/div>\n\t\t\t\t<\/div>\n\t\t<div class=\"elementor-element elementor-element-59afded e-con-full e-flex e-con e-child\" data-id=\"59afded\" data-element_type=\"container\">\n\t\t\t\t<div class=\"elementor-element elementor-element-3611957 elementor-widget elementor-widget-sidebar\" data-id=\"3611957\" data-element_type=\"widget\" data-widget_type=\"sidebar.default\">\n\t\t\t\t\t<div id=\"block-8\" class=\"widget widget_block\">\n<h2 class=\"wp-block-heading\">Nyheter<\/h2>\n<\/div><div id=\"block-6\" class=\"widget widget_block\">\n<div class=\"wp-block-group\"><div class=\"wp-block-group__inner-container is-layout-constrained wp-block-group-is-layout-constrained\">\n<div class=\"wp-block-columns is-layout-flex wp-container-core-columns-is-layout-9d6595d7 wp-block-columns-is-layout-flex\">\n<div class=\"wp-block-column is-layout-flow wp-block-column-is-layout-flow\" style=\"flex-basis:100%\"><ul class=\"wp-block-latest-posts__list wp-block-latest-posts\"><li><a class=\"wp-block-latest-posts__post-title\" href=\"https:\/\/www.tamnaren.se\/?p=1646\">T\u00e4mnarens vattens \u00e5rsm\u00f6te 2026<\/a><\/li>\n<li><a class=\"wp-block-latest-posts__post-title\" href=\"https:\/\/www.tamnaren.se\/?p=1514\">T\u00e4mnarens vattens f\u00f6redrag vid framtidsverkstad 11 juni 2025<\/a><\/li>\n<li><a class=\"wp-block-latest-posts__post-title\" href=\"https:\/\/www.tamnaren.se\/?p=1496\">H\u00f6stbrev fr\u00e5n T\u00e4mnarens Vatten 2025<\/a><\/li>\n<li><a class=\"wp-block-latest-posts__post-title\" href=\"https:\/\/www.tamnaren.se\/?p=1493\">Inbjudan och program framtidsverkstad<\/a><\/li>\n<li><a class=\"wp-block-latest-posts__post-title\" href=\"https:\/\/www.tamnaren.se\/?p=1383\">Landskapsanalys f\u00f6r T\u00e4mnar\u00e5ns avrinningsomr\u00e5de<\/a><\/li>\n<\/ul><\/div>\n<\/div>\n<\/div><\/div>\n<\/div>\t\t\t\t<\/div>\n\t\t\t\t<\/div>\n\t\t\t\t\t<\/div>\n\t\t\t\t<\/div>\n\t\t<div class=\"elementor-element elementor-element-15ce3b82 e-flex e-con-boxed e-con e-parent\" data-id=\"15ce3b82\" data-element_type=\"container\">\n\t\t\t\t\t<div class=\"e-con-inner\">\n\t\t\t\t\t<\/div>\n\t\t\t\t<\/div>\n\t\t\t\t<\/div>\n\t\t","protected":false},"excerpt":{"rendered":"<p>F\u00f6reningen T\u00e4mnarens Vatten bildades 2014 med en m\u00e5ls\u00e4ttning att bilda opinion f\u00f6r sj\u00f6n T\u00e4mnaren och att utveckla sj\u00f6n. F\u00f6reningen \u00e4r en ideell f\u00f6rening \u00f6ppna f\u00f6r alla som vill v\u00e4rna v\u00e5r sj\u00f6.\u00a0\u00a0Du kan f\u00f6lja v\u00e5rt arbete i f\u00f6reningen h\u00e4r p\u00e5 v\u00e5r hemsida, flikarna till h\u00f6ger visar de senaste uppdateringarna. F\u00f6lj oss \u00e4ven via v\u00e5r Facebook sida&hellip;&nbsp;<a href=\"https:\/\/www.tamnaren.se\/\" rel=\"bookmark\"><span class=\"screen-reader-text\">V\u00e4lkommen till f\u00f6reningen T\u00e4mnarens Vatten<\/span><\/a><\/p>\n","protected":false},"author":1,"featured_media":0,"parent":0,"menu_order":0,"comment_status":"closed","ping_status":"closed","template":"","meta":{"neve_meta_sidebar":"","neve_meta_container":"","neve_meta_enable_content_width":"","neve_meta_content_width":0,"neve_meta_title_alignment":"","neve_meta_author_avatar":"","neve_post_elements_order":"","neve_meta_disable_header":"","neve_meta_disable_footer":"","neve_meta_disable_title":"","footnotes":""},"class_list":["post-1226","page","type-page","status-publish","hentry"],"_links":{"self":[{"href":"https:\/\/www.tamnaren.se\/index.php?rest_route=\/wp\/v2\/pages\/1226","targetHints":{"allow":["GET"]}}],"collection":[{"href":"https:\/\/www.tamnaren.se\/index.php?rest_route=\/wp\/v2\/pages"}],"about":[{"href":"https:\/\/www.tamnaren.se\/index.php?rest_route=\/wp\/v2\/types\/page"}],"author":[{"embeddable":true,"href":"https:\/\/www.tamnaren.se\/index.php?rest_route=\/wp\/v2\/users\/1"}],"replies":[{"embeddable":true,"href":"https:\/\/www.tamnaren.se\/index.php?rest_route=%2Fwp%2Fv2%2Fcomments&post=1226"}],"version-history":[{"count":24,"href":"https:\/\/www.tamnaren.se\/index.php?rest_route=\/wp\/v2\/pages\/1226\/revisions"}],"predecessor-version":[{"id":1579,"href":"https:\/\/www.tamnaren.se\/index.php?rest_route=\/wp\/v2\/pages\/1226\/revisions\/1579"}],"wp:attachment":[{"href":"https:\/\/www.tamnaren.se\/index.php?rest_route=%2Fwp%2Fv2%2Fmedia&parent=1226"}],"curies":[{"name":"wp","href":"https:\/\/api.w.org\/{rel}","templated":true}]}}