{"id":251,"date":"2013-03-22T10:37:47","date_gmt":"2013-03-22T09:37:47","guid":{"rendered":"http:\/\/tamnaren.se\/?page_id=251"},"modified":"2024-04-23T20:47:32","modified_gmt":"2024-04-23T18:47:32","slug":"dokument","status":"publish","type":"page","link":"https:\/\/www.tamnaren.se\/?page_id=251","title":{"rendered":"Dokument"},"content":{"rendered":"<p><a title=\"Historia\" href=\"http:\/\/tamnaren.se\/?page_id=388\">Historia<\/a><\/p>\n<p><a href=\"https:\/\/www.tamnaren.se\/?page_id=1087\">Stadgar<\/a><\/p>\n<p><a title=\"Kartor\" href=\"http:\/\/tamnaren.se\/?page_id=397\">Kartor<\/a><\/p>\n<p><a title=\"Media\" href=\"http:\/\/tamnaren.se\/?page_id=413\">Media<\/a><\/p>\n<p><a title=\"Restaurering\" href=\"http:\/\/tamnaren.se\/?page_id=422\">Restaurering<\/a><\/p>\n<p><a title=\"Vattendom\" href=\"http:\/\/tamnaren.se\/?page_id=430\">Vattendom<\/a><\/p>\n<p><a title=\"Vattenf\u00f6rvaltning\" href=\"http:\/\/tamnaren.se\/?page_id=445\">Vattenf\u00f6rvaltning<\/a><\/p>\n<p><a title=\"Broschyrer\" href=\"http:\/\/tamnaren.se\/?page_id=254\">Broschyrer<\/a><\/p>\n<p><a title=\"Bilder\" href=\"http:\/\/tamnaren.se\/?page_id=17\">Bilder<\/a><\/p>\n<p><a href=\"https:\/\/www.tamnaren.se\/?page_id=1344\">\u00c5rsm\u00f6te<\/a><\/p>\n\n\n<p><\/p>\n","protected":false},"excerpt":{"rendered":"<p>Historia Stadgar Kartor Media Restaurering Vattendom Vattenf\u00f6rvaltning Broschyrer Bilder \u00c5rsm\u00f6te<\/p>\n","protected":false},"author":1,"featured_media":0,"parent":0,"menu_order":0,"comment_status":"closed","ping_status":"closed","template":"sidebar-page.php","meta":{"neve_meta_sidebar":"","neve_meta_container":"","neve_meta_enable_content_width":"","neve_meta_content_width":0,"neve_meta_title_alignment":"","neve_meta_author_avatar":"","neve_post_elements_order":"","neve_meta_disable_header":"","neve_meta_disable_footer":"","neve_meta_disable_title":"","footnotes":""},"class_list":["post-251","page","type-page","status-publish","hentry"],"_links":{"self":[{"href":"https:\/\/www.tamnaren.se\/index.php?rest_route=\/wp\/v2\/pages\/251","targetHints":{"allow":["GET"]}}],"collection":[{"href":"https:\/\/www.tamnaren.se\/index.php?rest_route=\/wp\/v2\/pages"}],"about":[{"href":"https:\/\/www.tamnaren.se\/index.php?rest_route=\/wp\/v2\/types\/page"}],"author":[{"embeddable":true,"href":"https:\/\/www.tamnaren.se\/index.php?rest_route=\/wp\/v2\/users\/1"}],"replies":[{"embeddable":true,"href":"https:\/\/www.tamnaren.se\/index.php?rest_route=%2Fwp%2Fv2%2Fcomments&post=251"}],"version-history":[{"count":9,"href":"https:\/\/www.tamnaren.se\/index.php?rest_route=\/wp\/v2\/pages\/251\/revisions"}],"predecessor-version":[{"id":1417,"href":"https:\/\/www.tamnaren.se\/index.php?rest_route=\/wp\/v2\/pages\/251\/revisions\/1417"}],"wp:attachment":[{"href":"https:\/\/www.tamnaren.se\/index.php?rest_route=%2Fwp%2Fv2%2Fmedia&parent=251"}],"curies":[{"name":"wp","href":"https:\/\/api.w.org\/{rel}","templated":true}]}}