{"id":254,"date":"2013-03-22T10:38:33","date_gmt":"2013-03-22T09:38:33","guid":{"rendered":"http:\/\/tamnaren.se\/?page_id=254"},"modified":"2025-11-25T08:46:55","modified_gmt":"2025-11-25T07:46:55","slug":"broschyrer","status":"publish","type":"page","link":"https:\/\/www.tamnaren.se\/?page_id=254","title":{"rendered":"Broschyrer"},"content":{"rendered":"<p><a href=\"http:\/\/tamnaren.se\/wp-content\/uploads\/2013\/03\/Levande-vatten-och-bygd.pdf\">Levande vatten och bygd (pdf)<\/a><\/p>\n<p><a href=\"http:\/\/tamnaren.se\/wp-content\/uploads\/2013\/03\/T\u00c4MNAREN-Samarbete-f\u00f6r-b\u00e4ttre-vatten.pdf\">T\u00e4mnaren &#8211; Samarbete f\u00f6r b\u00e4ttre vatten (pdf)<\/a><\/p>\n<p><a href=\"http:\/\/tamnaren.se\/wp-content\/uploads\/2013\/03\/Vem-best\u00e4mmer-om-T\u00e4mnaren.pdf\">Vem best\u00e4mmer om T\u00e4mnaren (pdf)<\/a><\/p>\n","protected":false},"excerpt":{"rendered":"<p>Levande vatten och bygd (pdf) T\u00e4mnaren &#8211; Samarbete f\u00f6r b\u00e4ttre vatten (pdf) Vem best\u00e4mmer om T\u00e4mnaren (pdf)<\/p>\n","protected":false},"author":1,"featured_media":0,"parent":0,"menu_order":0,"comment_status":"closed","ping_status":"closed","template":"sidebar-page.php","meta":{"neve_meta_sidebar":"","neve_meta_container":"","neve_meta_enable_content_width":"","neve_meta_content_width":0,"neve_meta_title_alignment":"","neve_meta_author_avatar":"","neve_post_elements_order":"","neve_meta_disable_header":"","neve_meta_disable_footer":"","neve_meta_disable_title":"","footnotes":""},"class_list":["post-254","page","type-page","status-publish","hentry"],"_links":{"self":[{"href":"https:\/\/www.tamnaren.se\/index.php?rest_route=\/wp\/v2\/pages\/254","targetHints":{"allow":["GET"]}}],"collection":[{"href":"https:\/\/www.tamnaren.se\/index.php?rest_route=\/wp\/v2\/pages"}],"about":[{"href":"https:\/\/www.tamnaren.se\/index.php?rest_route=\/wp\/v2\/types\/page"}],"author":[{"embeddable":true,"href":"https:\/\/www.tamnaren.se\/index.php?rest_route=\/wp\/v2\/users\/1"}],"replies":[{"embeddable":true,"href":"https:\/\/www.tamnaren.se\/index.php?rest_route=%2Fwp%2Fv2%2Fcomments&post=254"}],"version-history":[{"count":7,"href":"https:\/\/www.tamnaren.se\/index.php?rest_route=\/wp\/v2\/pages\/254\/revisions"}],"predecessor-version":[{"id":1463,"href":"https:\/\/www.tamnaren.se\/index.php?rest_route=\/wp\/v2\/pages\/254\/revisions\/1463"}],"wp:attachment":[{"href":"https:\/\/www.tamnaren.se\/index.php?rest_route=%2Fwp%2Fv2%2Fmedia&parent=254"}],"curies":[{"name":"wp","href":"https:\/\/api.w.org\/{rel}","templated":true}]}}