{"id":32,"date":"2013-03-19T12:12:26","date_gmt":"2013-03-19T12:12:26","guid":{"rendered":"http:\/\/tamnaren.se\/?page_id=32"},"modified":"2013-07-03T09:23:49","modified_gmt":"2013-07-03T07:23:49","slug":"aspnas","status":"publish","type":"page","link":"https:\/\/www.tamnaren.se\/?page_id=32","title":{"rendered":"Aspn\u00e4s"},"content":{"rendered":"<h1>ASPN\u00c4S S\u00c4TERI &#8211; V\u00e4stupplands rikaste historiska plats<\/h1>\n<p>Vid sj\u00f6n T\u00e4mnaren ligger Aspn\u00e4s, som har anor fr\u00e5n 1200-talet. Aspn\u00e4s g\u00e5rd l\u00e5g d\u00e5 vid \u00d6ndbo, som kallades f\u00f6r Gammal Aspn\u00e4s. Troligen brann g\u00e5rden ned, varvid riksdrottsen Matts K\u00e4ttilmundsson, en av Sveriges m\u00e4ktigaste m\u00e4n, i b\u00f6rjan av 1300-talet byggde upp Aspn\u00e4s S\u00e4teri med g\u00e5rdskyrkan, som fortfarande anv\u00e4nds. Enligt muntlig tradition vistades ocks\u00e5 Heliga Birgitta p\u00e5 Aspn\u00e4s. V\u00e4ggarna inne i g\u00e5rdskyrkan \u00e4r delvis t\u00e4ckta med bevarade kalkm\u00e5lningar fr\u00e5n Vasatiden. Efter en omfattande restaurering \u00f6ppnades kyrkan \u00e5ter 1962. Den anv\u00e4nds flitigt f\u00f6r gudstj\u00e4nster, musikevenemang och br\u00f6llop. Under 1700-talet \u00e4gdes Aspn\u00e4s av j\u00e4gm\u00e4staren Andreas Sch\u00f6nberg, f\u00f6r att d\u00e4refter f\u00e5 samma \u00e4gare som till Gysinge bruk. Sch\u00f6nberg arrangerade m\u00e5nga kungliga jakter i skogarna i \u00d6sterv\u00e5la, Nora och Huddunge. Ofta var det bj\u00f6rn som jagades. Carl von Linn\u00e9 var v\u00e4n till Andreas Sch\u00f6nberg och bes\u00f6kte ocks\u00e5 Aspn\u00e4s. De brevv\u00e4xlade med varandra och originalen finns i arkiv i London. Sch\u00f6nberg s\u00e5lde 1758 sin g\u00e5rd Hammarby (s\u00f6der om Uppsala) till Linn\u00e9. Det har varit m\u00e5nga \u00e4gare till Aspn\u00e4s under \u00e5rens lopp. Mang\u00e5rdsbyggnad och g\u00e5rdskyrka \u00e4gs nu av \u00d6sterv\u00e5la f\u00f6rsamling. Jordbruket och bondg\u00e5rden, Aspn\u00e4s G\u00e5rd AB, \u00e4gs av H\u00e5kan och Magnus Karlsson. Aspn\u00e4s G\u00e5rd \u00e4r Heby kommuns st\u00f6rsta jordbruk. Fr\u00e5n Matts K\u00e4ttilmundsson till idag kan vi r\u00e4kna 53 olika \u00e4gare. Under senare \u00e5r har T\u00e4mnargruppen b\u00f6rjat restaurera omr\u00e5det kring g\u00e5rden, s\u00e5 att det idag g\u00e5r att komma ned till sj\u00f6n, till badplats och b\u00e5thamn.<\/p>\n<p>&nbsp;<\/p>\n<p>&nbsp;<\/p>\n","protected":false},"excerpt":{"rendered":"<p>ASPN\u00c4S S\u00c4TERI &#8211; V\u00e4stupplands rikaste historiska plats Vid sj\u00f6n T\u00e4mnaren ligger Aspn\u00e4s, som har anor fr\u00e5n 1200-talet. Aspn\u00e4s g\u00e5rd l\u00e5g d\u00e5 vid \u00d6ndbo, som kallades f\u00f6r Gammal Aspn\u00e4s. Troligen brann g\u00e5rden ned, varvid riksdrottsen Matts K\u00e4ttilmundsson, en av Sveriges m\u00e4ktigaste m\u00e4n, i b\u00f6rjan av 1300-talet byggde upp Aspn\u00e4s S\u00e4teri med g\u00e5rdskyrkan, som fortfarande anv\u00e4nds. Enligt&hellip;&nbsp;<a href=\"https:\/\/www.tamnaren.se\/?page_id=32\" rel=\"bookmark\"><span class=\"screen-reader-text\">Aspn\u00e4s<\/span><\/a><\/p>\n","protected":false},"author":1,"featured_media":0,"parent":0,"menu_order":0,"comment_status":"closed","ping_status":"closed","template":"sidebar-page.php","meta":{"neve_meta_sidebar":"","neve_meta_container":"","neve_meta_enable_content_width":"","neve_meta_content_width":0,"neve_meta_title_alignment":"","neve_meta_author_avatar":"","neve_post_elements_order":"","neve_meta_disable_header":"","neve_meta_disable_footer":"","neve_meta_disable_title":"","footnotes":""},"class_list":["post-32","page","type-page","status-publish","hentry"],"_links":{"self":[{"href":"https:\/\/www.tamnaren.se\/index.php?rest_route=\/wp\/v2\/pages\/32","targetHints":{"allow":["GET"]}}],"collection":[{"href":"https:\/\/www.tamnaren.se\/index.php?rest_route=\/wp\/v2\/pages"}],"about":[{"href":"https:\/\/www.tamnaren.se\/index.php?rest_route=\/wp\/v2\/types\/page"}],"author":[{"embeddable":true,"href":"https:\/\/www.tamnaren.se\/index.php?rest_route=\/wp\/v2\/users\/1"}],"replies":[{"embeddable":true,"href":"https:\/\/www.tamnaren.se\/index.php?rest_route=%2Fwp%2Fv2%2Fcomments&post=32"}],"version-history":[{"count":19,"href":"https:\/\/www.tamnaren.se\/index.php?rest_route=\/wp\/v2\/pages\/32\/revisions"}],"predecessor-version":[{"id":133,"href":"https:\/\/www.tamnaren.se\/index.php?rest_route=\/wp\/v2\/pages\/32\/revisions\/133"}],"wp:attachment":[{"href":"https:\/\/www.tamnaren.se\/index.php?rest_route=%2Fwp%2Fv2%2Fmedia&parent=32"}],"curies":[{"name":"wp","href":"https:\/\/api.w.org\/{rel}","templated":true}]}}