{"id":388,"date":"2013-03-22T13:08:54","date_gmt":"2013-03-22T12:08:54","guid":{"rendered":"http:\/\/tamnaren.se\/?page_id=388"},"modified":"2025-11-25T14:21:46","modified_gmt":"2025-11-25T13:21:46","slug":"historia","status":"publish","type":"page","link":"https:\/\/www.tamnaren.se\/?page_id=388","title":{"rendered":"Historia"},"content":{"rendered":"\n<p><a href=\"http:\/\/tamnaren.se\/wp-content\/uploads\/2013\/03\/B\u00f6ndernas-st\u00e4llning-till-f\u00f6rslaget-om-att-s\u00e4nka-T\u00e4mnaren-1844.pdf\">B\u00f6ndernas st\u00e4llning till f\u00f6rslaget om att s\u00e4nka T\u00e4mnaren 18444 (pdf)<\/a><\/p>\n\n\n\n<p><a href=\"http:\/\/tamnaren.se\/wp-content\/uploads\/2013\/03\/T\u00e4mnaren-sj\u00f6s\u00e4nkning-och-bondejordbruk-i-brytningstid.pdf\">T\u00e4mnaren &#8211; sj\u00f6s\u00e4nkning och bondejordbruk i brytningstid (pdf)<\/a><\/p>\n\n\n\n<p><a href=\"http:\/\/www.tamnaren.se\/wp-content\/uploads\/2025\/11\/TAMNARENS-HISTORIA.pdf\" data-type=\"link\" data-id=\"http:\/\/www.tamnaren.se\/wp-content\/uploads\/2025\/11\/TAMNARENS-HISTORIA.pdf\">T\u00e4mnarens historia (pdf)<\/a><\/p>\n\n\n\n<p><a href=\"http:\/\/tamnaren.se\/wp-content\/uploads\/2013\/03\/T\u00e4mnartornet-1993-Kommunstyrelsen.pdf\">T\u00e4mnartornet 1993 Kommunstyrelsen (pdf)<\/a><\/p>\n\n\n\n<p><\/p>\n","protected":false},"excerpt":{"rendered":"<p>B\u00f6ndernas st\u00e4llning till f\u00f6rslaget om att s\u00e4nka T\u00e4mnaren 18444 (pdf) T\u00e4mnaren &#8211; sj\u00f6s\u00e4nkning och bondejordbruk i brytningstid (pdf) T\u00e4mnarens historia (pdf) T\u00e4mnartornet 1993 Kommunstyrelsen (pdf)<\/p>\n","protected":false},"author":1,"featured_media":0,"parent":0,"menu_order":0,"comment_status":"closed","ping_status":"closed","template":"sidebar-page.php","meta":{"neve_meta_sidebar":"","neve_meta_container":"","neve_meta_enable_content_width":"","neve_meta_content_width":0,"neve_meta_title_alignment":"","neve_meta_author_avatar":"","neve_post_elements_order":"","neve_meta_disable_header":"","neve_meta_disable_footer":"","neve_meta_disable_title":"","footnotes":""},"class_list":["post-388","page","type-page","status-publish","hentry"],"_links":{"self":[{"href":"https:\/\/www.tamnaren.se\/index.php?rest_route=\/wp\/v2\/pages\/388","targetHints":{"allow":["GET"]}}],"collection":[{"href":"https:\/\/www.tamnaren.se\/index.php?rest_route=\/wp\/v2\/pages"}],"about":[{"href":"https:\/\/www.tamnaren.se\/index.php?rest_route=\/wp\/v2\/types\/page"}],"author":[{"embeddable":true,"href":"https:\/\/www.tamnaren.se\/index.php?rest_route=\/wp\/v2\/users\/1"}],"replies":[{"embeddable":true,"href":"https:\/\/www.tamnaren.se\/index.php?rest_route=%2Fwp%2Fv2%2Fcomments&post=388"}],"version-history":[{"count":7,"href":"https:\/\/www.tamnaren.se\/index.php?rest_route=\/wp\/v2\/pages\/388\/revisions"}],"predecessor-version":[{"id":1469,"href":"https:\/\/www.tamnaren.se\/index.php?rest_route=\/wp\/v2\/pages\/388\/revisions\/1469"}],"wp:attachment":[{"href":"https:\/\/www.tamnaren.se\/index.php?rest_route=%2Fwp%2Fv2%2Fmedia&parent=388"}],"curies":[{"name":"wp","href":"https:\/\/api.w.org\/{rel}","templated":true}]}}