{"id":397,"date":"2013-03-22T13:12:50","date_gmt":"2013-03-22T12:12:50","guid":{"rendered":"http:\/\/tamnaren.se\/?page_id=397"},"modified":"2025-11-25T14:27:45","modified_gmt":"2025-11-25T13:27:45","slug":"kartor","status":"publish","type":"page","link":"https:\/\/www.tamnaren.se\/?page_id=397","title":{"rendered":"Kartor"},"content":{"rendered":"\t\t<div data-elementor-type=\"wp-page\" data-elementor-id=\"397\" class=\"elementor elementor-397\">\n\t\t\t\t<div class=\"elementor-element elementor-element-5c4e3e7 e-flex e-con-boxed e-con e-parent\" data-id=\"5c4e3e7\" data-element_type=\"container\">\n\t\t\t\t\t<div class=\"e-con-inner\">\n\t\t\t\t<div class=\"elementor-element elementor-element-9d438b2 elementor-widget elementor-widget-text-editor\" data-id=\"9d438b2\" data-element_type=\"widget\" data-widget_type=\"text-editor.default\">\n\t\t\t\t\t\t\t\t\t<p><a href=\"http:\/\/tamnaren.se\/wp-content\/uploads\/2013\/03\/KARTA_BEVARANDEPLAN_T\u00c4MNAREN_V\u00c4ST_SE0250175-2.pdf\">Karta bevarandeplan T\u00e4mnaren V\u00e4st SE0250175 (2) (pdf)<\/a><\/p>\n<p><!-- \/wp:paragraph --><!-- wp:paragraph --><\/p>\n<p><a href=\"http:\/\/tamnaren.se\/wp-content\/uploads\/2013\/03\/VATTENKARTA-T\u00c4MNAREN.pdf\">Vattenkarta T\u00e4mnaren (pdf)<\/a><\/p>\t\t\t\t\t\t\t\t<\/div>\n\t\t\t\t<div class=\"elementor-element elementor-element-24ab48c elementor-widget elementor-widget-image-gallery\" data-id=\"24ab48c\" data-element_type=\"widget\" data-widget_type=\"image-gallery.default\">\n\t\t\t\t\t\t\t<div class=\"elementor-image-gallery\">\n\t\t\t<div id='gallery-1' class='gallery galleryid-397 gallery-columns-3 gallery-size-thumbnail'><figure class='gallery-item'>\n\t\t\t<div class='gallery-icon landscape'>\n\t\t\t\t<a data-elementor-open-lightbox=\"yes\" data-elementor-lightbox-slideshow=\"24ab48c\" data-elementor-lightbox-title=\"vattenkartan_lst03420874081325\" data-e-action-hash=\"#elementor-action%3Aaction%3Dlightbox%26settings%3DeyJpZCI6NDEwLCJ1cmwiOiJodHRwczpcL1wvd3d3LnRhbW5hcmVuLnNlXC93cC1jb250ZW50XC91cGxvYWRzXC8yMDEzXC8wM1wvdmF0dGVua2FydGFuX2xzdDAzNDIwODc0MDgxMzI1LnBuZyIsInNsaWRlc2hvdyI6IjI0YWI0OGMifQ%3D%3D\" href='https:\/\/www.tamnaren.se\/wp-content\/uploads\/2013\/03\/vattenkartan_lst03420874081325.png'><img decoding=\"async\" width=\"150\" height=\"150\" src=\"https:\/\/www.tamnaren.se\/wp-content\/uploads\/2013\/03\/vattenkartan_lst03420874081325-150x150.png\" class=\"attachment-thumbnail size-thumbnail\" alt=\"\" \/><\/a>\n\t\t\t<\/div><\/figure><figure class='gallery-item'>\n\t\t\t<div class='gallery-icon landscape'>\n\t\t\t\t<a data-elementor-open-lightbox=\"yes\" data-elementor-lightbox-slideshow=\"24ab48c\" data-elementor-lightbox-title=\"Norra \u00d6stersj\u00f6ns vattendistrikt\" data-e-action-hash=\"#elementor-action%3Aaction%3Dlightbox%26settings%3DeyJpZCI6NDA5LCJ1cmwiOiJodHRwczpcL1wvd3d3LnRhbW5hcmVuLnNlXC93cC1jb250ZW50XC91cGxvYWRzXC8yMDEzXC8wM1wvTk9SUkEtXHUwMGQ2U1RFUlNKXHUwMGQ2TlMtVkFUVEVORElTVFJJS1QuanBnIiwic2xpZGVzaG93IjoiMjRhYjQ4YyJ9\" href='https:\/\/www.tamnaren.se\/wp-content\/uploads\/2013\/03\/NORRA-\u00d6STERSJ\u00d6NS-VATTENDISTRIKT.jpg'><img decoding=\"async\" width=\"150\" height=\"150\" src=\"https:\/\/www.tamnaren.se\/wp-content\/uploads\/2013\/03\/NORRA-\u00d6STERSJ\u00d6NS-VATTENDISTRIKT-150x150.jpg\" class=\"attachment-thumbnail size-thumbnail\" alt=\"\" \/><\/a>\n\t\t\t<\/div><\/figure><figure class='gallery-item'>\n\t\t\t<div class='gallery-icon portrait'>\n\t\t\t\t<a data-elementor-open-lightbox=\"yes\" data-elementor-lightbox-slideshow=\"24ab48c\" data-elementor-lightbox-title=\"ff3000\" data-e-action-hash=\"#elementor-action%3Aaction%3Dlightbox%26settings%3DeyJpZCI6NDA4LCJ1cmwiOiJodHRwczpcL1wvd3d3LnRhbW5hcmVuLnNlXC93cC1jb250ZW50XC91cGxvYWRzXC8yMDEzXC8wM1wvZmYzMDAwLmpwZyIsInNsaWRlc2hvdyI6IjI0YWI0OGMifQ%3D%3D\" href='https:\/\/www.tamnaren.se\/wp-content\/uploads\/2013\/03\/ff3000.jpg'><img decoding=\"async\" width=\"150\" height=\"150\" src=\"https:\/\/www.tamnaren.se\/wp-content\/uploads\/2013\/03\/ff3000-150x150.jpg\" class=\"attachment-thumbnail size-thumbnail\" alt=\"\" \/><\/a>\n\t\t\t<\/div><\/figure><figure class='gallery-item'>\n\t\t\t<div class='gallery-icon portrait'>\n\t\t\t\t<a data-elementor-open-lightbox=\"yes\" data-elementor-lightbox-slideshow=\"24ab48c\" data-elementor-lightbox-title=\"ff2000\" data-e-action-hash=\"#elementor-action%3Aaction%3Dlightbox%26settings%3DeyJpZCI6NDA3LCJ1cmwiOiJodHRwczpcL1wvd3d3LnRhbW5hcmVuLnNlXC93cC1jb250ZW50XC91cGxvYWRzXC8yMDEzXC8wM1wvZmYyMDAwLmpwZyIsInNsaWRlc2hvdyI6IjI0YWI0OGMifQ%3D%3D\" href='https:\/\/www.tamnaren.se\/wp-content\/uploads\/2013\/03\/ff2000.jpg'><img loading=\"lazy\" decoding=\"async\" width=\"150\" height=\"150\" src=\"https:\/\/www.tamnaren.se\/wp-content\/uploads\/2013\/03\/ff2000-150x150.jpg\" class=\"attachment-thumbnail size-thumbnail\" alt=\"\" \/><\/a>\n\t\t\t<\/div><\/figure><figure class='gallery-item'>\n\t\t\t<div class='gallery-icon portrait'>\n\t\t\t\t<a data-elementor-open-lightbox=\"yes\" data-elementor-lightbox-slideshow=\"24ab48c\" data-elementor-lightbox-title=\"ff1500\" data-e-action-hash=\"#elementor-action%3Aaction%3Dlightbox%26settings%3DeyJpZCI6NDA2LCJ1cmwiOiJodHRwczpcL1wvd3d3LnRhbW5hcmVuLnNlXC93cC1jb250ZW50XC91cGxvYWRzXC8yMDEzXC8wM1wvZmYxNTAwLmpwZyIsInNsaWRlc2hvdyI6IjI0YWI0OGMifQ%3D%3D\" href='https:\/\/www.tamnaren.se\/wp-content\/uploads\/2013\/03\/ff1500.jpg'><img loading=\"lazy\" decoding=\"async\" width=\"150\" height=\"150\" src=\"https:\/\/www.tamnaren.se\/wp-content\/uploads\/2013\/03\/ff1500-150x150.jpg\" class=\"attachment-thumbnail size-thumbnail\" alt=\"\" \/><\/a>\n\t\t\t<\/div><\/figure><figure class='gallery-item'>\n\t\t\t<div class='gallery-icon portrait'>\n\t\t\t\t<a data-elementor-open-lightbox=\"yes\" data-elementor-lightbox-slideshow=\"24ab48c\" data-elementor-lightbox-title=\"ff1000\" data-e-action-hash=\"#elementor-action%3Aaction%3Dlightbox%26settings%3DeyJpZCI6NDA1LCJ1cmwiOiJodHRwczpcL1wvd3d3LnRhbW5hcmVuLnNlXC93cC1jb250ZW50XC91cGxvYWRzXC8yMDEzXC8wM1wvZmYxMDAwLmpwZyIsInNsaWRlc2hvdyI6IjI0YWI0OGMifQ%3D%3D\" href='https:\/\/www.tamnaren.se\/wp-content\/uploads\/2013\/03\/ff1000.jpg'><img loading=\"lazy\" decoding=\"async\" width=\"150\" height=\"150\" src=\"https:\/\/www.tamnaren.se\/wp-content\/uploads\/2013\/03\/ff1000-150x150.jpg\" class=\"attachment-thumbnail size-thumbnail\" alt=\"\" \/><\/a>\n\t\t\t<\/div><\/figure><figure class='gallery-item'>\n\t\t\t<div class='gallery-icon portrait'>\n\t\t\t\t<a data-elementor-open-lightbox=\"yes\" data-elementor-lightbox-slideshow=\"24ab48c\" data-elementor-lightbox-title=\"ff500\" data-e-action-hash=\"#elementor-action%3Aaction%3Dlightbox%26settings%3DeyJpZCI6NDA0LCJ1cmwiOiJodHRwczpcL1wvd3d3LnRhbW5hcmVuLnNlXC93cC1jb250ZW50XC91cGxvYWRzXC8yMDEzXC8wM1wvZmY1MDAuanBnIiwic2xpZGVzaG93IjoiMjRhYjQ4YyJ9\" href='https:\/\/www.tamnaren.se\/wp-content\/uploads\/2013\/03\/ff500.jpg'><img loading=\"lazy\" decoding=\"async\" width=\"150\" height=\"150\" src=\"https:\/\/www.tamnaren.se\/wp-content\/uploads\/2013\/03\/ff500-150x150.jpg\" class=\"attachment-thumbnail size-thumbnail\" alt=\"\" \/><\/a>\n\t\t\t<\/div><\/figure><figure class='gallery-item'>\n\t\t\t<div class='gallery-icon portrait'>\n\t\t\t\t<a data-elementor-open-lightbox=\"yes\" data-elementor-lightbox-slideshow=\"24ab48c\" data-elementor-lightbox-title=\"T\u00e4mnar\u00e5ns avrinningsomr\u00e5de\" data-e-action-hash=\"#elementor-action%3Aaction%3Dlightbox%26settings%3DeyJpZCI6NDAzLCJ1cmwiOiJodHRwczpcL1wvd3d3LnRhbW5hcmVuLnNlXC93cC1jb250ZW50XC91cGxvYWRzXC8yMDEzXC8wM1wvNTQtVFx1MDBlNG1uYXJcdTAwZTVuLUhVLTIuZ2lmIiwic2xpZGVzaG93IjoiMjRhYjQ4YyJ9\" href='https:\/\/www.tamnaren.se\/wp-content\/uploads\/2013\/03\/54-T\u00e4mnar\u00e5n-HU-2.gif'><img loading=\"lazy\" decoding=\"async\" width=\"150\" height=\"150\" src=\"https:\/\/www.tamnaren.se\/wp-content\/uploads\/2013\/03\/54-T\u00e4mnar\u00e5n-HU-2-150x150.gif\" class=\"attachment-thumbnail size-thumbnail\" alt=\"\" \/><\/a>\n\t\t\t<\/div><\/figure><figure class='gallery-item'>\n\t\t\t<div class='gallery-icon portrait'>\n\t\t\t\t<a data-elementor-open-lightbox=\"yes\" data-elementor-lightbox-slideshow=\"24ab48c\" data-elementor-lightbox-title=\"54 T\u00e4mnar\u00e5n avrinningsomr\u00e5de\" data-e-action-hash=\"#elementor-action%3Aaction%3Dlightbox%26settings%3DeyJpZCI6NDAyLCJ1cmwiOiJodHRwczpcL1wvd3d3LnRhbW5hcmVuLnNlXC93cC1jb250ZW50XC91cGxvYWRzXC8yMDEzXC8wM1wvNTQtVFx1MDBlNG1uYXJcdTAwZTVuLWF2cmlubmluZ3NvbXJcdTAwZTVkZV8zMDBkcGkuanBnIiwic2xpZGVzaG93IjoiMjRhYjQ4YyJ9\" href='https:\/\/www.tamnaren.se\/wp-content\/uploads\/2013\/03\/54-T\u00e4mnar\u00e5n-avrinningsomr\u00e5de_300dpi.jpg'><img loading=\"lazy\" decoding=\"async\" width=\"150\" height=\"150\" src=\"https:\/\/www.tamnaren.se\/wp-content\/uploads\/2013\/03\/54-T\u00e4mnar\u00e5n-avrinningsomr\u00e5de_300dpi-150x150.jpg\" class=\"attachment-thumbnail size-thumbnail\" alt=\"\" \/><\/a>\n\t\t\t<\/div><\/figure>\n\t\t<\/div>\n\t\t<\/div>\n\t\t\t\t\t\t<\/div>\n\t\t\t\t\t<\/div>\n\t\t\t\t<\/div>\n\t\t\t\t<\/div>\n\t\t","protected":false},"excerpt":{"rendered":"<p>Karta bevarandeplan T\u00e4mnaren V\u00e4st SE0250175 (2) (pdf) Vattenkarta T\u00e4mnaren (pdf)<\/p>\n","protected":false},"author":1,"featured_media":0,"parent":0,"menu_order":0,"comment_status":"closed","ping_status":"closed","template":"sidebar-page.php","meta":{"neve_meta_sidebar":"","neve_meta_container":"","neve_meta_enable_content_width":"","neve_meta_content_width":0,"neve_meta_title_alignment":"","neve_meta_author_avatar":"","neve_post_elements_order":"","neve_meta_disable_header":"","neve_meta_disable_footer":"","neve_meta_disable_title":"","footnotes":""},"class_list":["post-397","page","type-page","status-publish","hentry"],"_links":{"self":[{"href":"https:\/\/www.tamnaren.se\/index.php?rest_route=\/wp\/v2\/pages\/397","targetHints":{"allow":["GET"]}}],"collection":[{"href":"https:\/\/www.tamnaren.se\/index.php?rest_route=\/wp\/v2\/pages"}],"about":[{"href":"https:\/\/www.tamnaren.se\/index.php?rest_route=\/wp\/v2\/types\/page"}],"author":[{"embeddable":true,"href":"https:\/\/www.tamnaren.se\/index.php?rest_route=\/wp\/v2\/users\/1"}],"replies":[{"embeddable":true,"href":"https:\/\/www.tamnaren.se\/index.php?rest_route=%2Fwp%2Fv2%2Fcomments&post=397"}],"version-history":[{"count":9,"href":"https:\/\/www.tamnaren.se\/index.php?rest_route=\/wp\/v2\/pages\/397\/revisions"}],"predecessor-version":[{"id":1478,"href":"https:\/\/www.tamnaren.se\/index.php?rest_route=\/wp\/v2\/pages\/397\/revisions\/1478"}],"wp:attachment":[{"href":"https:\/\/www.tamnaren.se\/index.php?rest_route=%2Fwp%2Fv2%2Fmedia&parent=397"}],"curies":[{"name":"wp","href":"https:\/\/api.w.org\/{rel}","templated":true}]}}