{"id":422,"date":"2013-03-22T13:17:30","date_gmt":"2013-03-22T12:17:30","guid":{"rendered":"http:\/\/tamnaren.se\/?page_id=422"},"modified":"2025-11-25T14:33:08","modified_gmt":"2025-11-25T13:33:08","slug":"restaurering","status":"publish","type":"page","link":"https:\/\/www.tamnaren.se\/?page_id=422","title":{"rendered":"Restaurering"},"content":{"rendered":"\t\t<div data-elementor-type=\"wp-page\" data-elementor-id=\"422\" class=\"elementor elementor-422\">\n\t\t\t\t<div class=\"elementor-element elementor-element-5110fd5 e-flex e-con-boxed e-con e-parent\" data-id=\"5110fd5\" data-element_type=\"container\">\n\t\t\t\t\t<div class=\"e-con-inner\">\n\t\t\t\t<div class=\"elementor-element elementor-element-34021ac elementor-widget elementor-widget-image\" data-id=\"34021ac\" data-element_type=\"widget\" data-widget_type=\"image.default\">\n\t\t\t\t\t\t\t\t\t\t\t\t\t\t\t\t<a href=\"http:\/\/www.tamnaren.se\/wp-content\/uploads\/2013\/03\/STRUCTURE-OF-LAKE-T\u00c4MNAREN-SYSTEM.jpg\" data-elementor-open-lightbox=\"yes\" data-elementor-lightbox-title=\"STRUCTURE OF LAKE T\u00c4MNAREN SYSTEM\" data-e-action-hash=\"#elementor-action%3Aaction%3Dlightbox%26settings%3DeyJpZCI6NDI2LCJ1cmwiOiJodHRwczpcL1wvd3d3LnRhbW5hcmVuLnNlXC93cC1jb250ZW50XC91cGxvYWRzXC8yMDEzXC8wM1wvU1RSVUNUVVJFLU9GLUxBS0UtVFx1MDBjNE1OQVJFTi1TWVNURU0uanBnIn0%3D\">\n\t\t\t\t\t\t\t<img fetchpriority=\"high\" decoding=\"async\" width=\"1024\" height=\"695\" src=\"https:\/\/www.tamnaren.se\/wp-content\/uploads\/2013\/03\/STRUCTURE-OF-LAKE-T\u00c4MNAREN-SYSTEM-1024x695.jpg\" class=\"attachment-large size-large wp-image-426\" alt=\"\" srcset=\"https:\/\/www.tamnaren.se\/wp-content\/uploads\/2013\/03\/STRUCTURE-OF-LAKE-T\u00c4MNAREN-SYSTEM-1024x695.jpg 1024w, https:\/\/www.tamnaren.se\/wp-content\/uploads\/2013\/03\/STRUCTURE-OF-LAKE-T\u00c4MNAREN-SYSTEM-300x203.jpg 300w, https:\/\/www.tamnaren.se\/wp-content\/uploads\/2013\/03\/STRUCTURE-OF-LAKE-T\u00c4MNAREN-SYSTEM-441x300.jpg 441w, https:\/\/www.tamnaren.se\/wp-content\/uploads\/2013\/03\/STRUCTURE-OF-LAKE-T\u00c4MNAREN-SYSTEM.jpg 1716w\" sizes=\"(max-width: 1024px) 100vw, 1024px\" \/>\t\t\t\t\t\t\t\t<\/a>\n\t\t\t\t\t\t\t\t\t\t\t\t\t\t\t<\/div>\n\t\t\t\t\t<\/div>\n\t\t\t\t<\/div>\n\t\t<div class=\"elementor-element elementor-element-06291b6 e-flex e-con-boxed e-con e-parent\" data-id=\"06291b6\" data-element_type=\"container\">\n\t\t\t\t\t<div class=\"e-con-inner\">\n\t\t\t\t<div class=\"elementor-element elementor-element-30067e1 elementor-widget elementor-widget-text-editor\" data-id=\"30067e1\" data-element_type=\"widget\" data-widget_type=\"text-editor.default\">\n\t\t\t\t\t\t\t\t\t<p><a href=\"http:\/\/tamnaren.se\/wp-content\/uploads\/2013\/03\/RESTAURERINGS\u00c5TG\u00c4RDER-UPPSALA-UNIVERSITET-20101.pdf\">Restaurerings\u00e5tg\u00e4rder Uppsala Universitet 2010 (pdf)<\/a><\/p>\n<p><a href=\"http:\/\/tamnaren.se\/wp-content\/uploads\/2013\/03\/STORY-T\u00c4MNAREN.pdf\">Story T\u00e4mnaren (In English, pdf)<\/a><\/p>\n<p><a href=\"http:\/\/tamnaren.se\/wp-content\/uploads\/2013\/03\/T\u00c4MNARENS-HISTORIA1.pdf\">T\u00e4mnarens historia (pdf)<\/a><\/p>\t\t\t\t\t\t\t\t<\/div>\n\t\t\t\t\t<\/div>\n\t\t\t\t<\/div>\n\t\t\t\t<\/div>\n\t\t","protected":false},"excerpt":{"rendered":"<p>Restaurerings\u00e5tg\u00e4rder Uppsala Universitet 2010 (pdf) Story T\u00e4mnaren (In English, pdf) T\u00e4mnarens historia (pdf)<\/p>\n","protected":false},"author":1,"featured_media":0,"parent":0,"menu_order":0,"comment_status":"closed","ping_status":"closed","template":"sidebar-page.php","meta":{"neve_meta_sidebar":"","neve_meta_container":"","neve_meta_enable_content_width":"","neve_meta_content_width":0,"neve_meta_title_alignment":"","neve_meta_author_avatar":"","neve_post_elements_order":"","neve_meta_disable_header":"","neve_meta_disable_footer":"","neve_meta_disable_title":"","footnotes":""},"class_list":["post-422","page","type-page","status-publish","hentry"],"_links":{"self":[{"href":"https:\/\/www.tamnaren.se\/index.php?rest_route=\/wp\/v2\/pages\/422","targetHints":{"allow":["GET"]}}],"collection":[{"href":"https:\/\/www.tamnaren.se\/index.php?rest_route=\/wp\/v2\/pages"}],"about":[{"href":"https:\/\/www.tamnaren.se\/index.php?rest_route=\/wp\/v2\/types\/page"}],"author":[{"embeddable":true,"href":"https:\/\/www.tamnaren.se\/index.php?rest_route=\/wp\/v2\/users\/1"}],"replies":[{"embeddable":true,"href":"https:\/\/www.tamnaren.se\/index.php?rest_route=%2Fwp%2Fv2%2Fcomments&post=422"}],"version-history":[{"count":14,"href":"https:\/\/www.tamnaren.se\/index.php?rest_route=\/wp\/v2\/pages\/422\/revisions"}],"predecessor-version":[{"id":1488,"href":"https:\/\/www.tamnaren.se\/index.php?rest_route=\/wp\/v2\/pages\/422\/revisions\/1488"}],"wp:attachment":[{"href":"https:\/\/www.tamnaren.se\/index.php?rest_route=%2Fwp%2Fv2%2Fmedia&parent=422"}],"curies":[{"name":"wp","href":"https:\/\/api.w.org\/{rel}","templated":true}]}}