{"id":430,"date":"2013-03-22T13:19:23","date_gmt":"2013-03-22T12:19:23","guid":{"rendered":"http:\/\/tamnaren.se\/?page_id=430"},"modified":"2025-11-25T14:34:31","modified_gmt":"2025-11-25T13:34:31","slug":"vattendom","status":"publish","type":"page","link":"https:\/\/www.tamnaren.se\/?page_id=430","title":{"rendered":"Vattendom"},"content":{"rendered":"\n<p><a href=\"http:\/\/tamnaren.se\/wp-content\/uploads\/2013\/03\/Domsbilaga-Avb\u00f6rdningskurva-Ubblixbo.pdf\">Domsbilaga Avb\u00f6rdningskurva Ubblixbo (pdf)<\/a><\/p>\n\n\n\n<p><a href=\"http:\/\/tamnaren.se\/wp-content\/uploads\/2013\/03\/Domsbilaga-Tappningsplan.pdf\">Domsbilaga Tappningsplan (pdf)<\/a><\/p>\n\n\n\n<p><a href=\"http:\/\/tamnaren.se\/wp-content\/uploads\/2013\/03\/T\u00e4mnaren-ans\u00f6kan-1973.pdf\">T\u00e4mnaren ans\u00f6kan 1973 (pdf)<\/a><\/p>\n\n\n\n<p><a href=\"http:\/\/tamnaren.se\/wp-content\/uploads\/2013\/03\/T\u00e4mnaren-hydrologisk-utredning-1972.pdf\">T\u00e4mnaren hydrologisk utredning 1972 (pdf)<\/a><\/p>\n\n\n\n<p><a href=\"http:\/\/tamnaren.se\/wp-content\/uploads\/2013\/03\/T\u00e4mnaren-PM1-ans\u00f6kan-1972.pdf\">T\u00e4mnaren PM1 ans\u00f6kan 1972 (pdf)<\/a><\/p>\n\n\n\n<p><a href=\"http:\/\/tamnaren.se\/wp-content\/uploads\/2013\/03\/T\u00e4mnaren-varaktighetsdiagram-1972.pdf\">T\u00e4mnaren varaktighetsdiagram 1972 (pdf)<\/a><\/p>\n\n\n\n<p><a href=\"http:\/\/tamnaren.se\/wp-content\/uploads\/2013\/03\/VA-16-1973.pdf\">VA 16-1973 (pdf)<\/a><\/p>\n\n\n\n<p><a href=\"http:\/\/tamnaren.se\/wp-content\/uploads\/2013\/03\/V\u00e5rflod-2010-T\u00e4mnaren-diagram.pdf\">V\u00e5rflod 2010 T\u00e4mnaren diagram (pdf)<\/a><\/p>\n","protected":false},"excerpt":{"rendered":"<p>Domsbilaga Avb\u00f6rdningskurva Ubblixbo (pdf) Domsbilaga Tappningsplan (pdf) T\u00e4mnaren ans\u00f6kan 1973 (pdf) T\u00e4mnaren hydrologisk utredning 1972 (pdf) T\u00e4mnaren PM1 ans\u00f6kan 1972 (pdf) T\u00e4mnaren varaktighetsdiagram 1972 (pdf) VA 16-1973 (pdf) V\u00e5rflod 2010 T\u00e4mnaren diagram (pdf)<\/p>\n","protected":false},"author":1,"featured_media":0,"parent":0,"menu_order":0,"comment_status":"closed","ping_status":"closed","template":"sidebar-page.php","meta":{"neve_meta_sidebar":"","neve_meta_container":"","neve_meta_enable_content_width":"","neve_meta_content_width":0,"neve_meta_title_alignment":"","neve_meta_author_avatar":"","neve_post_elements_order":"","neve_meta_disable_header":"","neve_meta_disable_footer":"","neve_meta_disable_title":"","footnotes":""},"class_list":["post-430","page","type-page","status-publish","hentry"],"_links":{"self":[{"href":"https:\/\/www.tamnaren.se\/index.php?rest_route=\/wp\/v2\/pages\/430","targetHints":{"allow":["GET"]}}],"collection":[{"href":"https:\/\/www.tamnaren.se\/index.php?rest_route=\/wp\/v2\/pages"}],"about":[{"href":"https:\/\/www.tamnaren.se\/index.php?rest_route=\/wp\/v2\/types\/page"}],"author":[{"embeddable":true,"href":"https:\/\/www.tamnaren.se\/index.php?rest_route=\/wp\/v2\/users\/1"}],"replies":[{"embeddable":true,"href":"https:\/\/www.tamnaren.se\/index.php?rest_route=%2Fwp%2Fv2%2Fcomments&post=430"}],"version-history":[{"count":7,"href":"https:\/\/www.tamnaren.se\/index.php?rest_route=\/wp\/v2\/pages\/430\/revisions"}],"predecessor-version":[{"id":1489,"href":"https:\/\/www.tamnaren.se\/index.php?rest_route=\/wp\/v2\/pages\/430\/revisions\/1489"}],"wp:attachment":[{"href":"https:\/\/www.tamnaren.se\/index.php?rest_route=%2Fwp%2Fv2%2Fmedia&parent=430"}],"curies":[{"name":"wp","href":"https:\/\/api.w.org\/{rel}","templated":true}]}}