{"id":756,"date":"2013-04-08T08:06:45","date_gmt":"2013-04-08T06:06:45","guid":{"rendered":"http:\/\/tamnaren.se\/?page_id=756"},"modified":"2025-11-27T11:56:22","modified_gmt":"2025-11-27T10:56:22","slug":"info-om-2","status":"publish","type":"page","link":"https:\/\/www.tamnaren.se\/?page_id=756","title":{"rendered":"Info Om"},"content":{"rendered":"\t\t<div data-elementor-type=\"wp-page\" data-elementor-id=\"756\" class=\"elementor elementor-756\">\n\t\t\t\t<div class=\"elementor-element elementor-element-c078e45 e-flex e-con-boxed e-con e-parent\" data-id=\"c078e45\" data-element_type=\"container\">\n\t\t\t\t\t<div class=\"e-con-inner\">\n\t\t\t\t<div class=\"elementor-element elementor-element-ab5e2ea elementor-widget elementor-widget-image\" data-id=\"ab5e2ea\" data-element_type=\"widget\" data-widget_type=\"image.default\">\n\t\t\t\t\t\t\t\t\t\t\t\t\t\t\t<img fetchpriority=\"high\" decoding=\"async\" width=\"2000\" height=\"288\" src=\"https:\/\/www.tamnaren.se\/wp-content\/uploads\/2025\/11\/Header_3_1.jpg\" class=\"attachment-full size-full wp-image-1571\" alt=\"\" srcset=\"https:\/\/www.tamnaren.se\/wp-content\/uploads\/2025\/11\/Header_3_1.jpg 2000w, https:\/\/www.tamnaren.se\/wp-content\/uploads\/2025\/11\/Header_3_1-300x43.jpg 300w, https:\/\/www.tamnaren.se\/wp-content\/uploads\/2025\/11\/Header_3_1-1024x147.jpg 1024w, https:\/\/www.tamnaren.se\/wp-content\/uploads\/2025\/11\/Header_3_1-768x111.jpg 768w, https:\/\/www.tamnaren.se\/wp-content\/uploads\/2025\/11\/Header_3_1-1536x221.jpg 1536w\" sizes=\"(max-width: 2000px) 100vw, 2000px\" \/>\t\t\t\t\t\t\t\t\t\t\t\t\t\t\t<\/div>\n\t\t\t\t<div class=\"elementor-element elementor-element-14b5553b elementor-widget elementor-widget-text-editor\" data-id=\"14b5553b\" data-element_type=\"widget\" data-widget_type=\"text-editor.default\">\n\t\t\t\t\t\t\t\t\t\n<p><a title=\"F\u00e5gelsk\u00e5dning\" href=\"http:\/\/tamnaren.se\/?page_id=21\">F\u00e5geltornet<\/a><\/p>\n\n\n\n<p><a href=\"https:\/\/www.tamnaren.se\/?page_id=988\" data-type=\"page\" data-id=\"988\">F\u00e5gelsk\u00e5dning<\/a><\/p>\n\n\n\n<p><\/p>\n\t\t\t\t\t\t\t\t<\/div>\n\t\t\t\t\t<\/div>\n\t\t\t\t<\/div>\n\t\t\t\t<\/div>\n\t\t","protected":false},"excerpt":{"rendered":"<p>F\u00e5geltornet F\u00e5gelsk\u00e5dning<\/p>\n","protected":false},"author":1,"featured_media":0,"parent":0,"menu_order":0,"comment_status":"closed","ping_status":"closed","template":"","meta":{"neve_meta_sidebar":"","neve_meta_container":"","neve_meta_enable_content_width":"","neve_meta_content_width":0,"neve_meta_title_alignment":"","neve_meta_author_avatar":"","neve_post_elements_order":"","neve_meta_disable_header":"","neve_meta_disable_footer":"","neve_meta_disable_title":"","footnotes":""},"class_list":["post-756","page","type-page","status-publish","hentry"],"_links":{"self":[{"href":"https:\/\/www.tamnaren.se\/index.php?rest_route=\/wp\/v2\/pages\/756","targetHints":{"allow":["GET"]}}],"collection":[{"href":"https:\/\/www.tamnaren.se\/index.php?rest_route=\/wp\/v2\/pages"}],"about":[{"href":"https:\/\/www.tamnaren.se\/index.php?rest_route=\/wp\/v2\/types\/page"}],"author":[{"embeddable":true,"href":"https:\/\/www.tamnaren.se\/index.php?rest_route=\/wp\/v2\/users\/1"}],"replies":[{"embeddable":true,"href":"https:\/\/www.tamnaren.se\/index.php?rest_route=%2Fwp%2Fv2%2Fcomments&post=756"}],"version-history":[{"count":11,"href":"https:\/\/www.tamnaren.se\/index.php?rest_route=\/wp\/v2\/pages\/756\/revisions"}],"predecessor-version":[{"id":1585,"href":"https:\/\/www.tamnaren.se\/index.php?rest_route=\/wp\/v2\/pages\/756\/revisions\/1585"}],"wp:attachment":[{"href":"https:\/\/www.tamnaren.se\/index.php?rest_route=%2Fwp%2Fv2%2Fmedia&parent=756"}],"curies":[{"name":"wp","href":"https:\/\/api.w.org\/{rel}","templated":true}]}}