{"id":924,"date":"2013-07-03T07:22:55","date_gmt":"2013-07-03T05:22:55","guid":{"rendered":"http:\/\/tamnaren.se\/?page_id=924"},"modified":"2025-12-04T15:34:37","modified_gmt":"2025-12-04T14:34:37","slug":"syfte","status":"publish","type":"page","link":"https:\/\/www.tamnaren.se\/?page_id=924","title":{"rendered":"Vision och uppdrag"},"content":{"rendered":"\t\t<div data-elementor-type=\"wp-page\" data-elementor-id=\"924\" class=\"elementor elementor-924\">\n\t\t\t\t<div class=\"elementor-element elementor-element-bdf81b4 e-flex e-con-boxed e-con e-parent\" data-id=\"bdf81b4\" data-element_type=\"container\">\n\t\t\t\t\t<div class=\"e-con-inner\">\n\t\t\t\t<div class=\"elementor-element elementor-element-1fee776 elementor-widget elementor-widget-text-editor\" data-id=\"1fee776\" data-element_type=\"widget\" data-widget_type=\"text-editor.default\">\n\t\t\t\t\t\t\t\t\t<h2><span style=\"color: #000000;\">Bakgrund<\/span><\/h2><p><span style=\"color: #000000;\">T\u00e4mnarens vattenr\u00e5d bildades 2007 p\u00e5 uppdrag av L\u00e4nsstyrelsen Uppsala l\u00e4n. \u00c5r 2014 ombildades r\u00e5det till ideell f\u00f6rening f\u00f6r att m\u00f6jligg\u00f6ra kommunerna Heby, Tierp och Uppsala vara medlemmar i organisationen. F\u00f6reningens stadgar fr\u00e5n 2014-04-15 s\u00e4ger: F\u00f6reningens uppgift \u00e4r att m\u00e5lmedvetet bilda opinion f\u00f6r och utveckla sj\u00f6n T\u00e4mnaren i Uppsala l\u00e4n. F\u00f6reningens m\u00e5l \u00e4r att T\u00e4mnaren skall leva minst ett ytterligare sekel som en frisk och attraktiv sj\u00f6.<\/span><\/p><h2><span style=\"color: #000000;\">Fr\u00e5n sj\u00f6 till \u00e5<\/span><\/h2><p><span style=\"color: #000000;\">Under \u00e5rens lopp har v\u00e4xt fram en mer holistisk syn, som ser sambandet mellan sj\u00f6n T\u00e4mnaren och T\u00e4mnar\u00e5n samt tillfl\u00f6den till sj\u00f6n. D\u00e4rf\u00f6r tillsattes en utredning 2020 tillsammans med kommunerna Heby, Tierp och Uppsala, som resulterade i en Landskapsanalys T\u00e4mnar\u00e5n slutrapport 2021-03-11. Uppdraget nu \u00e4r restaurering av sj\u00f6n T\u00e4mnaren och T\u00e4mnar\u00e5ns hela avrinningsomr\u00e5de med skapande av v\u00e5tmarker. I synnerhet de stora \u00f6versv\u00e4mningarna 2023 \u2013 2024 har visat sambandet och behovet av holistisk syn och arbete. Vi vill \u00f6ka vattnets uppeh\u00e5llstid i avrinningsomr\u00e5det men p\u00e5 r\u00e4tt plats. Med T\u00e4mnar\u00e5ns avrinningsomr\u00e5de menar vi fr\u00e5n k\u00e4llorna i Huddunge, Nora, \u00d6sterv\u00e5la och Harbo till utloppet i havet vid Karlholm i Tierps kommun.<\/span><\/p><h2><span style=\"color: #000000;\">EU:s naturrestaureringslag 17 juni 2024<\/span><\/h2><p><span style=\"color: #000000;\">F\u00f6r att n\u00e5 EU:s \u00f6vergripande m\u00e5l m\u00e5ste medlemsl\u00e4nderna \u00e5terst\u00e4lla minst 30 procent av de livsmilj\u00f6er som den nya lagen t\u00e4cker (allt fr\u00e5n skogar, gr\u00e4smarker och v\u00e5tmarker till \u00e5ar och sj\u00f6ar) fr\u00e5n d\u00e5ligt till gott skick senast 2030.<\/span><\/p><h2><span style=\"color: #000000;\">Relevant vision och m\u00e5l<\/span><\/h2><p><span style=\"color: #000000;\">Vid f\u00f6reningens \u00e5rsm\u00f6te 2024-04-13 uppmanade kommunalr\u00e5det Sara Sj\u00f6dal, Tierp, att se \u00f6ver f\u00f6reningens vision och m\u00e5l till att vara relevant f\u00f6r dagens situation.<\/span><\/p><h2><span style=\"color: #000000;\">Uppdrag och arbete<\/span><\/h2><p><span style=\"color: #000000;\">T\u00e4mnarens Vatten vill ta ett helhetsgrepp p\u00e5 fr\u00e5gan om vatten, dess f\u00f6rekomst och uppeh\u00e5llstid i hela T\u00e4mnar\u00e5ns avrinningsomr\u00e5de, med f\u00f6rb\u00e4ttrad grundvattenbildning, skapande av fria vandringsv\u00e4gar f\u00f6r fisk och minskad n\u00e4ringstransport och sediment fr\u00e5n jord och skog.<\/span><\/p><p><span style=\"color: #000000;\">T\u00e4mnarens Vatten vill arbeta f\u00f6r att erh\u00e5lla renare vatten i hela T\u00e4mnar\u00e5ns avrinningsomr\u00e5de med en handlingsplan med konkreta vattenv\u00e5rds\u00e5tg\u00e4rder.<\/span><\/p><p><span style=\"color: #000000;\">Verka f\u00f6r att minska n\u00e4rsaltf\u00f6rluster och slamtransporter i avrinningsomr\u00e5det genom anpassade brukningsmetoder.<\/span><\/p><p><span style=\"color: #000000;\">Verka f\u00f6r anpassning till f\u00f6r\u00e4ndrat klimat med torka vissa \u00e5r, \u00f6versv\u00e4mning andra \u00e5r samt gynnande av biologisk m\u00e5ngfald.<\/span><\/p><p><span style=\"color: #000000;\">Samarbete med mark\u00e4gare f\u00f6r att \u00e5terskapa tillf\u00e4lliga och permanenta v\u00e5tmarker (enligt EU:s naturrestaureringslag 2024-06-17), som kan minska skador av snabba och stora nederb\u00f6rdsm\u00e4ngder.<\/span><\/p><p><span style=\"color: #000000;\">Verka f\u00f6r att anv\u00e4nda biologiska metoder f\u00f6r att f\u00f6rebygga uppkomst av \u00f6versv\u00e4mningsmyggor i avrinningsomr\u00e5det.<\/span><\/p><p><span style=\"color: #000000;\">Genomf\u00f6ra Landskapsanalysen.<\/span><\/p><h2><span style=\"color: #000000;\">Vision och m\u00e5l<\/span><\/h2><p><span style=\"color: #000000;\">Uppn\u00e5 och bibeh\u00e5lla god status fr\u00e5n biologiskt, ekologiskt, fysikaliskt, kemiskt och morfologiskt\u00b9 h\u00e4nseende f\u00f6r hela T\u00e4mnaren och dess till- och avrinningsfl\u00f6den.<\/span><\/p><p><span style=\"color: #000000;\">Det inneb\u00e4r att T\u00e4mnaren \u00e4r frisk och ren med biologisk m\u00e5ngfald, samt att m\u00e4nniskor, fisk och f\u00e5glar trivs.<\/span><\/p><p><span style=\"color: #000000;\">Att \u00f6verg\u00f6dning och igenv\u00e4xning minimerats i b\u00e5de sj\u00f6 och \u00e5ar.<\/span><\/p><p><span style=\"color: #000000;\">Att sj\u00f6n T\u00e4mnaren inte blir en igenv\u00e4xt v\u00e5tmark utan har \u00f6ppen vattenspegel.<\/span><\/p><p><span style=\"color: #000000;\">Avrinningsomr\u00e5det har klimatanpassats s\u00e5 att risken minskat f\u00f6r att stora nederb\u00f6rdsm\u00e4ngder leder till \u00f6versv\u00e4mningar som ger skador p\u00e5 hus och hem samt mark och skog.<\/span><\/p><h2><span style=\"color: #000000;\">Samarbete<\/span><\/h2><p><span style=\"color: #000000;\">Gott samarbete med alla intressenter till T\u00e4mnaren:<\/span><\/p><p><span style=\"color: #000000;\">Heby, Tierps och Uppsala kommuner; deras politiker och vattenhandl\u00e4ggare.<\/span><\/p><p><span style=\"color: #000000;\">T\u00e4mnarens s\u00e4nkningsf\u00f6retag, Uppsala Vatten samt L\u00e4nsstyrelsen Uppsala L\u00e4n.<\/span><\/p><p><span style=\"color: #000000;\">Mark\u00e4garna runt sj\u00f6n och l\u00e4ngs hela T\u00e4mnar\u00e5n.<\/span><\/p><p><span style=\"color: #000000;\">Lantbruksuniversitetet och LRF.<\/span><\/p><p><span style=\"color: #000000;\">Att F\u00f6reningen T\u00e4mnarens Vatten \u00e4r ett nav i det gemensamma restaureringsarbetet av T\u00e4mnar\u00e5ns avrinningsomr\u00e5de.<\/span><\/p><p><span style=\"color: #000000;\">Ovanst\u00e5ende dokument antogs vid T\u00e4mnarens Vatten Ideell f\u00f6renings \u00e5rsm\u00f6te 2025-04-12.<\/span><\/p>\t\t\t\t\t\t\t\t<\/div>\n\t\t\t\t<div class=\"elementor-element elementor-element-779c30f elementor-widget elementor-widget-text-editor\" data-id=\"779c30f\" data-element_type=\"widget\" data-widget_type=\"text-editor.default\">\n\t\t\t\t\t\t\t\t\t<p>\u00b9 Morfologi beskriver den fysiska formen hos vattenf\u00f6rekomsten, till exempel djupf\u00f6rh\u00e5llanden och bottensubstratets sammans\u00e4ttning F\u00f6r\u00e4ndringar i vattenf\u00f6rekomstens morfologi kan uppst\u00e5 p\u00e5 grund av olika sorters bebyggelse, anl\u00e4ggningar eller kanaliseringar. Det morfologiska tillst\u00e5ndet beskrivs via djup, bredd, typ av bottensediment, vilka typer av ackumulations- eller erosionsformer som finns i vattnet. Strukturer skapade av m\u00e4nniskan s\u00e5som bryggor, utfyllnader och muddringar p\u00e5verkar morfologin. \u00c4ndringar i det morfologiska tillst\u00e5ndet kan direkt p\u00e5verka livet i vattnet genom att livsmilj\u00f6n f\u00f6r v\u00e4xter, bottenlevande och simmande djur f\u00f6r\u00e4ndras eller helt f\u00f6rsvinner.<\/p>\t\t\t\t\t\t\t\t<\/div>\n\t\t\t\t\t<\/div>\n\t\t\t\t<\/div>\n\t\t\t\t<\/div>\n\t\t","protected":false},"excerpt":{"rendered":"<p>Bakgrund T\u00e4mnarens vattenr\u00e5d bildades 2007 p\u00e5 uppdrag av L\u00e4nsstyrelsen Uppsala l\u00e4n. \u00c5r 2014 ombildades r\u00e5det till ideell f\u00f6rening f\u00f6r att m\u00f6jligg\u00f6ra kommunerna Heby, Tierp och Uppsala vara medlemmar i organisationen. F\u00f6reningens stadgar fr\u00e5n 2014-04-15 s\u00e4ger: F\u00f6reningens uppgift \u00e4r att m\u00e5lmedvetet bilda opinion f\u00f6r och utveckla sj\u00f6n T\u00e4mnaren i Uppsala l\u00e4n. F\u00f6reningens m\u00e5l \u00e4r att T\u00e4mnaren&hellip;&nbsp;<a href=\"https:\/\/www.tamnaren.se\/?page_id=924\" rel=\"bookmark\"><span class=\"screen-reader-text\">Vision och uppdrag<\/span><\/a><\/p>\n","protected":false},"author":1,"featured_media":0,"parent":0,"menu_order":0,"comment_status":"closed","ping_status":"open","template":"","meta":{"neve_meta_sidebar":"","neve_meta_container":"","neve_meta_enable_content_width":"","neve_meta_content_width":0,"neve_meta_title_alignment":"","neve_meta_author_avatar":"","neve_post_elements_order":"","neve_meta_disable_header":"","neve_meta_disable_footer":"","neve_meta_disable_title":"","footnotes":""},"class_list":["post-924","page","type-page","status-publish","hentry"],"_links":{"self":[{"href":"https:\/\/www.tamnaren.se\/index.php?rest_route=\/wp\/v2\/pages\/924","targetHints":{"allow":["GET"]}}],"collection":[{"href":"https:\/\/www.tamnaren.se\/index.php?rest_route=\/wp\/v2\/pages"}],"about":[{"href":"https:\/\/www.tamnaren.se\/index.php?rest_route=\/wp\/v2\/types\/page"}],"author":[{"embeddable":true,"href":"https:\/\/www.tamnaren.se\/index.php?rest_route=\/wp\/v2\/users\/1"}],"replies":[{"embeddable":true,"href":"https:\/\/www.tamnaren.se\/index.php?rest_route=%2Fwp%2Fv2%2Fcomments&post=924"}],"version-history":[{"count":13,"href":"https:\/\/www.tamnaren.se\/index.php?rest_route=\/wp\/v2\/pages\/924\/revisions"}],"predecessor-version":[{"id":1624,"href":"https:\/\/www.tamnaren.se\/index.php?rest_route=\/wp\/v2\/pages\/924\/revisions\/1624"}],"wp:attachment":[{"href":"https:\/\/www.tamnaren.se\/index.php?rest_route=%2Fwp%2Fv2%2Fmedia&parent=924"}],"curies":[{"name":"wp","href":"https:\/\/api.w.org\/{rel}","templated":true}]}}