{"id":937,"date":"2013-07-03T08:50:14","date_gmt":"2013-07-03T06:50:14","guid":{"rendered":"http:\/\/tamnaren.se\/?page_id=937"},"modified":"2025-11-26T09:39:44","modified_gmt":"2025-11-26T08:39:44","slug":"reservatsbestammelser","status":"publish","type":"page","link":"https:\/\/www.tamnaren.se\/?page_id=937","title":{"rendered":"Reservatsbest\u00e4mmelser"},"content":{"rendered":"\n<h2 class=\"wp-block-heading\">Sk\u00f6tselplan och remissvar Aspn\u00e4s<\/h2>\n\n\n\n<p>H\u00e4r hittar du den nya sk\u00f6tselplanen och remisssvaren f\u00f6r Aspn\u00e4s Heby kommun<\/p>\n\n\n\n<p><a href=\"http:\/\/tamnaren.se\/wp-content\/uploads\/2013\/03\/microsoft-word-beslut-aspnas.doc-2.pdf\">Beslut (pdf)<\/a><\/p>\n\n\n\n<p><a href=\"http:\/\/tamnaren.se\/wp-content\/uploads\/2013\/03\/microsoft-word-sktselplanaspns-4.1-med-bilder.pdf\">Sk\u00f6tselplan (pdf)<\/a><\/p>\n\n\n\n<p><a href=\"http:\/\/tamnaren.se\/wp-content\/uploads\/2013\/03\/asnas-oversikt.pdf\">\u00d6versiktskarta (pdf)<\/a><\/p>\n\n\n\n<p><a href=\"http:\/\/tamnaren.se\/wp-content\/uploads\/2013\/03\/asnas-reservats.pdf\">Reservatskarta (pdf)<\/a><\/p>\n\n\n\n<p><a href=\"http:\/\/tamnaren.se\/wp-content\/uploads\/2013\/03\/asnas-skotsel.pdf\">Sk\u00f6tselkarta (pdf)<\/a><\/p>\n\n\n\n<p><a href=\"http:\/\/tamnaren.se\/wp-content\/uploads\/2013\/03\/asnas-friluftsliv.pdf\">Friluftskarta (pdf)<\/a><\/p>\n","protected":false},"excerpt":{"rendered":"<p>Sk\u00f6tselplan och remissvar Aspn\u00e4s H\u00e4r hittar du den nya sk\u00f6tselplanen och remisssvaren f\u00f6r Aspn\u00e4s Heby kommun Beslut (pdf) Sk\u00f6tselplan (pdf) \u00d6versiktskarta (pdf) Reservatskarta (pdf) Sk\u00f6tselkarta (pdf) Friluftskarta (pdf)<\/p>\n","protected":false},"author":1,"featured_media":0,"parent":0,"menu_order":0,"comment_status":"closed","ping_status":"open","template":"","meta":{"neve_meta_sidebar":"","neve_meta_container":"","neve_meta_enable_content_width":"","neve_meta_content_width":0,"neve_meta_title_alignment":"","neve_meta_author_avatar":"","neve_post_elements_order":"","neve_meta_disable_header":"","neve_meta_disable_footer":"","neve_meta_disable_title":"","footnotes":""},"class_list":["post-937","page","type-page","status-publish","hentry"],"_links":{"self":[{"href":"https:\/\/www.tamnaren.se\/index.php?rest_route=\/wp\/v2\/pages\/937","targetHints":{"allow":["GET"]}}],"collection":[{"href":"https:\/\/www.tamnaren.se\/index.php?rest_route=\/wp\/v2\/pages"}],"about":[{"href":"https:\/\/www.tamnaren.se\/index.php?rest_route=\/wp\/v2\/types\/page"}],"author":[{"embeddable":true,"href":"https:\/\/www.tamnaren.se\/index.php?rest_route=\/wp\/v2\/users\/1"}],"replies":[{"embeddable":true,"href":"https:\/\/www.tamnaren.se\/index.php?rest_route=%2Fwp%2Fv2%2Fcomments&post=937"}],"version-history":[{"count":6,"href":"https:\/\/www.tamnaren.se\/index.php?rest_route=\/wp\/v2\/pages\/937\/revisions"}],"predecessor-version":[{"id":1530,"href":"https:\/\/www.tamnaren.se\/index.php?rest_route=\/wp\/v2\/pages\/937\/revisions\/1530"}],"wp:attachment":[{"href":"https:\/\/www.tamnaren.se\/index.php?rest_route=%2Fwp%2Fv2%2Fmedia&parent=937"}],"curies":[{"name":"wp","href":"https:\/\/api.w.org\/{rel}","templated":true}]}}