{"id":967,"date":"2013-07-03T09:26:06","date_gmt":"2013-07-03T07:26:06","guid":{"rendered":"http:\/\/tamnaren.se\/?page_id=967"},"modified":"2025-11-26T09:37:53","modified_gmt":"2025-11-26T08:37:53","slug":"dokument-destination","status":"publish","type":"page","link":"https:\/\/www.tamnaren.se\/?page_id=967","title":{"rendered":"Uppsats"},"content":{"rendered":"\n<p><a href=\"http:\/\/tamnaren.se\/wp-content\/uploads\/2013\/03\/T\u00c4MNAREN-SJ\u00d6S\u00c4NKNING-UPPSATS-MARJA.pdf\">T\u00e4mnaren Sj\u00f6s\u00e4nkning uppsats Marja (pdf)<\/a><\/p>\n","protected":false},"excerpt":{"rendered":"<p>T\u00e4mnaren Sj\u00f6s\u00e4nkning uppsats Marja (pdf)<\/p>\n","protected":false},"author":1,"featured_media":0,"parent":0,"menu_order":0,"comment_status":"closed","ping_status":"open","template":"","meta":{"neve_meta_sidebar":"","neve_meta_container":"","neve_meta_enable_content_width":"","neve_meta_content_width":0,"neve_meta_title_alignment":"","neve_meta_author_avatar":"","neve_post_elements_order":"","neve_meta_disable_header":"","neve_meta_disable_footer":"","neve_meta_disable_title":"","footnotes":""},"class_list":["post-967","page","type-page","status-publish","hentry"],"_links":{"self":[{"href":"https:\/\/www.tamnaren.se\/index.php?rest_route=\/wp\/v2\/pages\/967","targetHints":{"allow":["GET"]}}],"collection":[{"href":"https:\/\/www.tamnaren.se\/index.php?rest_route=\/wp\/v2\/pages"}],"about":[{"href":"https:\/\/www.tamnaren.se\/index.php?rest_route=\/wp\/v2\/types\/page"}],"author":[{"embeddable":true,"href":"https:\/\/www.tamnaren.se\/index.php?rest_route=\/wp\/v2\/users\/1"}],"replies":[{"embeddable":true,"href":"https:\/\/www.tamnaren.se\/index.php?rest_route=%2Fwp%2Fv2%2Fcomments&post=967"}],"version-history":[{"count":12,"href":"https:\/\/www.tamnaren.se\/index.php?rest_route=\/wp\/v2\/pages\/967\/revisions"}],"predecessor-version":[{"id":1528,"href":"https:\/\/www.tamnaren.se\/index.php?rest_route=\/wp\/v2\/pages\/967\/revisions\/1528"}],"wp:attachment":[{"href":"https:\/\/www.tamnaren.se\/index.php?rest_route=%2Fwp%2Fv2%2Fmedia&parent=967"}],"curies":[{"name":"wp","href":"https:\/\/api.w.org\/{rel}","templated":true}]}}